{"id":18441,"date":"2026-04-17T15:48:51","date_gmt":"2026-04-17T14:48:51","guid":{"rendered":"https:\/\/solent-avocats.com\/formations\/actualite-voies-execution-saisie-immobiliere\/"},"modified":"2026-04-17T15:52:36","modified_gmt":"2026-04-17T14:52:36","slug":"news-execution-procedures-foreclosure","status":"publish","type":"page","link":"https:\/\/solent-avocats.com\/en\/formations\/actualite-voies-execution-saisie-immobiliere\/","title":{"rendered":"The latest news on enforcement procedures and property seizures"},"content":{"rendered":"<h3>Learning objectives<\/h3>\n<p>At the end of the course, trainees will be able to :<\/p>\n<ol>\n<li>Identify recent developments in case law relating to enforcement procedures<\/li>\n<li>Mastering the current issues relating to enforceable titles, claims and the JEX<\/li>\n<li>Integrating the impact of consumer public policy (unfair terms) into foreclosure practice<\/li>\n<li>Applying recent case law on property seizures<\/li>\n<\/ol>\n<h3>Module 1 - Overview of enforcement procedures<\/h3>\n<ul>\n<li>The writ of execution: starting point of the limitation period (Cass. 2e civ., 5 Oct. 2023), incompleteness of the executory clause (Cass. 2e civ., 6 Feb. 2025)<\/li>\n<li>Liquid claims: increased interest (Cass. 2e civ., 12 Jan. 2023), accounts between the parties (Cass. 2e civ., 15 Apr. 2021)<\/li>\n<li>Current events<\/li>\n<li>The enforcement judge: partial repeal of article L. 213-6 COJ (Cons. const., 17 Nov. 2023; Cass. 2e civ., 13 March 2025), res judicata and CJEU case law<\/li>\n<\/ul>\n<h3>Module 2 - Consumer public policy and enforcement procedures<\/h3>\n<ul>\n<li>The notion of acceleration in consumer law<\/li>\n<li>The concept of an unfair term and what is deemed to be unwritten<\/li>\n<li>Case law: CJEU and Cour de cassation<\/li>\n<li>The solutions envisaged and warning signs for the practitioner<\/li>\n<li>Impact on the property seizure procedure: office of the JEX, pleas raised ex officio<\/li>\n<\/ul>\n<h3>Module 3 - Overview of property seizures<\/h3>\n<ul>\n<li>Limitation period for seizures of immovable property: starting and ending points of the period<\/li>\n<li>Descriptive minutes: legal aspects and recent litigation<\/li>\n<li>The orientation hearing: challenges by the creditor, the title and the claim<\/li>\n<li>The referral judgment: operative part, effects, appeal, impact of public policy on consumption on appeal<\/li>\n<li>The auction: price setting, appeal for misuse of power, appeal for revision, enforceability of the lease<\/li>\n<\/ul>","protected":false},"excerpt":{"rendered":"<p>Panorama de la jurisprudence r\u00e9cente en mati\u00e8re de voies d&rsquo;ex\u00e9cution et de saisie immobili\u00e8re : titre ex\u00e9cutoire, cr\u00e9ance, JEX, ordre public de la consommation, adjudication.<\/p>","protected":false},"author":0,"featured_media":0,"parent":2252,"menu_order":9,"comment_status":"closed","ping_status":"closed","template":"page-templates\/template-fiche-formation.php","meta":{"footnotes":""},"solent_domaine":[],"class_list":["post-18441","page","type-page","status-publish","hentry"],"_links":{"self":[{"href":"https:\/\/solent-avocats.com\/en\/wp-json\/wp\/v2\/pages\/18441","targetHints":{"allow":["GET"]}}],"collection":[{"href":"https:\/\/solent-avocats.com\/en\/wp-json\/wp\/v2\/pages"}],"about":[{"href":"https:\/\/solent-avocats.com\/en\/wp-json\/wp\/v2\/types\/page"}],"replies":[{"embeddable":true,"href":"https:\/\/solent-avocats.com\/en\/wp-json\/wp\/v2\/comments?post=18441"}],"version-history":[{"count":1,"href":"https:\/\/solent-avocats.com\/en\/wp-json\/wp\/v2\/pages\/18441\/revisions"}],"predecessor-version":[{"id":18451,"href":"https:\/\/solent-avocats.com\/en\/wp-json\/wp\/v2\/pages\/18441\/revisions\/18451"}],"up":[{"embeddable":true,"href":"https:\/\/solent-avocats.com\/en\/wp-json\/wp\/v2\/pages\/2252"}],"wp:attachment":[{"href":"https:\/\/solent-avocats.com\/en\/wp-json\/wp\/v2\/media?parent=18441"}],"wp:term":[{"taxonomy":"solent_domaine","embeddable":true,"href":"https:\/\/solent-avocats.com\/en\/wp-json\/wp\/v2\/solent_domaine?post=18441"}],"curies":[{"name":"wp","href":"https:\/\/api.w.org\/{rel}","templated":true}]}}